{"id":157,"date":"2015-02-12T15:58:32","date_gmt":"2015-02-12T14:58:32","guid":{"rendered":"http:\/\/www.univ-paris13.fr\/experice\/?page_id=157"},"modified":"2025-07-08T19:00:48","modified_gmt":"2025-07-08T17:00:48","slug":"master-sciences-de-leducation","status":"publish","type":"page","link":"https:\/\/liage.univ-paris8.fr\/?page_id=157","title":{"rendered":"Master en Sciences de l&#8217;\u00e9ducation"},"content":{"rendered":"\t\t<div data-elementor-type=\"wp-page\" data-elementor-id=\"157\" class=\"elementor elementor-157\">\n\t\t\t\t\t\t<section class=\"elementor-section elementor-top-section elementor-element elementor-element-5071391 elementor-section-stretched elementor-section-boxed elementor-section-height-default elementor-section-height-default\" data-id=\"5071391\" data-element_type=\"section\" data-settings=\"{&quot;stretch_section&quot;:&quot;section-stretched&quot;,&quot;background_background&quot;:&quot;classic&quot;}\">\n\t\t\t\t\t\t\t<div class=\"elementor-background-overlay\"><\/div>\n\t\t\t\t\t\t\t<div class=\"elementor-container elementor-column-gap-default\">\n\t\t\t\t\t<div class=\"elementor-column elementor-col-100 elementor-top-column elementor-element elementor-element-8b56b02\" data-id=\"8b56b02\" data-element_type=\"column\">\n\t\t\t<div class=\"elementor-widget-wrap elementor-element-populated\">\n\t\t\t\t\t\t<div class=\"elementor-element elementor-element-a76567d elementor-widget elementor-widget-heading\" data-id=\"a76567d\" data-element_type=\"widget\" data-widget_type=\"heading.default\">\n\t\t\t\t<div class=\"elementor-widget-container\">\n\t\t\t\t\t<h1 class=\"elementor-heading-title elementor-size-default\">Master en Sciences de l'\u00e9ducation et de la formation \n\n(ETLV)<\/h1>\t\t\t\t<\/div>\n\t\t\t\t<\/div>\n\t\t\t\t\t<\/div>\n\t\t<\/div>\n\t\t\t\t\t<\/div>\n\t\t<\/section>\n\t\t\t\t<section class=\"elementor-section elementor-top-section elementor-element elementor-element-da5527b elementor-section-stretched elementor-section-full_width elementor-section-height-default elementor-section-height-default\" data-id=\"da5527b\" data-element_type=\"section\" data-settings=\"{&quot;stretch_section&quot;:&quot;section-stretched&quot;,&quot;background_background&quot;:&quot;classic&quot;}\">\n\t\t\t\t\t\t<div class=\"elementor-container elementor-column-gap-custom\">\n\t\t\t\t\t<div class=\"elementor-column elementor-col-100 elementor-top-column elementor-element elementor-element-277359b\" data-id=\"277359b\" data-element_type=\"column\" data-settings=\"{&quot;background_background&quot;:&quot;classic&quot;}\">\n\t\t\t<div class=\"elementor-widget-wrap elementor-element-populated\">\n\t\t\t\t\t\t<div class=\"elementor-element elementor-element-d5e170d elementor-widget elementor-widget-heading\" data-id=\"d5e170d\" data-element_type=\"widget\" data-widget_type=\"heading.default\">\n\t\t\t\t<div class=\"elementor-widget-container\">\n\t\t\t\t\t<h3 class=\"elementor-heading-title elementor-size-default\"><a href=\"https:\/\/www.univ-paris8.fr\/-Master-Education-tout-au-long-de-la-vie-663-\" target=\"_blank\">Parcours Education Tout au Long de la Vie (ETLV) du Master mention Sciences de l\u2019\u00e9ducation et de la formation\u00a0de<\/a><\/h3>\t\t\t\t<\/div>\n\t\t\t\t<\/div>\n\t\t\t\t<div class=\"elementor-element elementor-element-b9da258 elementor-widget elementor-widget-text-editor\" data-id=\"b9da258\" data-element_type=\"widget\" data-widget_type=\"text-editor.default\">\n\t\t\t\t<div class=\"elementor-widget-container\">\n\t\t\t\t\t\t\t\t\t<p style=\"font-weight: 400;\">Le parcours &#8220;<strong><a href=\"https:\/\/xn--tudiant-9xa.es\/\">\u00c9ducation Tout au Long de la Vie&#8221; (ETLV)<\/a><\/strong> met l\u2019accent sur les apprentissages et l&#8217;\u00e9ducation qui se jouent dans les situations les moins formelles, qu\u2019il s\u2019agisse d\u2019enfants ou d\u2019adultes. Il est ainsi centr\u00e9 principalement sur les interventions \u00e9ducatives et de formation hors champ scolaire, dont l\u2019importance actuelle en termes de dispositifs sociaux et domaines d\u2019activit\u00e9s est en pleine croissance. Il ouvre sur l\u2019ensemble des ressources culturelles et sociales porteuses d\u2019apprentissages implicites ou explicites. Le domaine scolaire est approch\u00e9 sous l&#8217;angle de situations informelles ou de ses marges.<\/p><p style=\"font-weight: 400;\">En choisissant ce parcours, il est possible tout autant de se former \u00e0 la recherche universitaire qu&#8217;\u00e0 une r\u00e9flexivit\u00e9 fondamentale aux professions du champ social et \u00e9ducatif (m\u00e9diation culturelle, \u00e9ducation sp\u00e9cialis\u00e9e, petite enfance, aide \u00e0 la personne, psychiatrie). Mobilisant une diversit\u00e9 de disciplines th\u00e9oriques (anthropologie, histoire, philosophie, psychanalyse, s\u00e9miologie, sociologie, sociolinguistique&#8230;), il met l&#8217;accent sur les savoirs critiques et \u00e9mancipateurs que les acteur.ices sont capables d&#8217;\u00e9laborer en situation et de mettre en \u0153uvre. Il se pr\u00e9occupe particuli\u00e8rement du devenir inter et transculturel de nos soci\u00e9t\u00e9s. Il forme essentiellement \u00e0 des approches qualitatives allant de la recherche-action, aux r\u00e9cits de vie, en passant par l&#8217;observation participante et les entretiens. Ce parcours se fonde sur la singularit\u00e9 des personnes, en tentant de mettre en relief la richesse formative des exp\u00e9riences personnelles et collectives.<\/p><p style=\"font-weight: 400;\">Deux options, recherche ou professionnelle, sont propos\u00e9es aux\u00a0<strong><a href=\"http:\/\/xn--tudiant-9xa.es\/\" data-saferedirecturl=\"https:\/\/www.google.com\/url?q=http:\/\/xn--tudiant-9xa.es\/&amp;source=gmail&amp;ust=1749882474195000&amp;usg=AOvVaw36MrFiJjDYa3o7_j_rZN_9\">\u00e9tudiant.es<\/a>\u00a0<\/strong>\u00e0 partir du M2. Des stages internationaux sont encourag\u00e9s.<\/p><p style=\"font-weight: 400;\">Il est possible de suivre le parcours ETLV en pr\u00e9sentiel ou dans le contexte de l\u2019Institut d\u2019Enseignement \u00e0 Distance (IED) de l\u2019universit\u00e9 Paris 8.<\/p><p><span style=\"font-weight: 400;\">Inscriptions via MonMaster (M1) ou Candidature UP8 pour une entr\u00e9e directe en M2 sous r\u00e9serve des pr\u00e9requis n\u00e9cessaires.<\/span><\/p><p><span style=\"font-weight: 400;\">Toutes les informations ici : <\/span><a href=\"https:\/\/appscol.univ-paris8.fr\/admission-inscription\/\"><span style=\"font-weight: 400;\">https:\/\/appscol.univ-paris8.fr\/admission-inscription\/<\/span><\/a><\/p>\t\t\t\t\t\t\t\t<\/div>\n\t\t\t\t<\/div>\n\t\t\t\t\t<\/div>\n\t\t<\/div>\n\t\t\t\t\t<\/div>\n\t\t<\/section>\n\t\t\t\t<section class=\"elementor-section elementor-top-section elementor-element elementor-element-149331d elementor-section-full_width elementor-section-stretched elementor-section-height-default elementor-section-height-default\" data-id=\"149331d\" data-element_type=\"section\" data-settings=\"{&quot;background_background&quot;:&quot;classic&quot;,&quot;stretch_section&quot;:&quot;section-stretched&quot;}\">\n\t\t\t\t\t\t<div class=\"elementor-container elementor-column-gap-default\">\n\t\t\t\t\t<div class=\"elementor-column elementor-col-100 elementor-top-column elementor-element elementor-element-953c689\" data-id=\"953c689\" data-element_type=\"column\" data-settings=\"{&quot;background_background&quot;:&quot;classic&quot;}\">\n\t\t\t<div class=\"elementor-widget-wrap elementor-element-populated\">\n\t\t\t\t\t\t<div class=\"elementor-element elementor-element-bbcef46 elementor-widget elementor-widget-heading\" data-id=\"bbcef46\" data-element_type=\"widget\" data-widget_type=\"heading.default\">\n\t\t\t\t<div class=\"elementor-widget-container\">\n\t\t\t\t\t<h3 class=\"elementor-heading-title elementor-size-default\">Contact<\/h3>\t\t\t\t<\/div>\n\t\t\t\t<\/div>\n\t\t\t\t<section class=\"elementor-section elementor-inner-section elementor-element elementor-element-f3f3f97 elementor-section-boxed elementor-section-height-default elementor-section-height-default\" data-id=\"f3f3f97\" data-element_type=\"section\">\n\t\t\t\t\t\t<div class=\"elementor-container elementor-column-gap-default\">\n\t\t\t\t\t<div class=\"elementor-column elementor-col-50 elementor-inner-column elementor-element elementor-element-db9c6f0\" data-id=\"db9c6f0\" data-element_type=\"column\">\n\t\t\t<div class=\"elementor-widget-wrap elementor-element-populated\">\n\t\t\t\t\t\t<div class=\"elementor-element elementor-element-53fd429 elementor-widget elementor-widget-heading\" data-id=\"53fd429\" data-element_type=\"widget\" data-widget_type=\"heading.default\">\n\t\t\t\t<div class=\"elementor-widget-container\">\n\t\t\t\t\t<h3 class=\"elementor-heading-title elementor-size-large\">Contact p\u00e9dagogique UP8\n           (en pr\u00e9sentiel)<\/h3>\t\t\t\t<\/div>\n\t\t\t\t<\/div>\n\t\t\t\t<div class=\"elementor-element elementor-element-313c6f9 elementor-icon-list--layout-traditional elementor-list-item-link-full_width elementor-widget elementor-widget-icon-list\" data-id=\"313c6f9\" data-element_type=\"widget\" data-widget_type=\"icon-list.default\">\n\t\t\t\t<div class=\"elementor-widget-container\">\n\t\t\t\t\t\t\t<ul class=\"elementor-icon-list-items\">\n\t\t\t\t\t\t\t<li class=\"elementor-icon-list-item\">\n\t\t\t\t\t\t\t\t\t\t\t<span class=\"elementor-icon-list-icon\">\n\t\t\t\t\t\t\t<i aria-hidden=\"true\" class=\"fas fa-home\"><\/i>\t\t\t\t\t\t<\/span>\n\t\t\t\t\t\t\t\t\t\t<span class=\"elementor-icon-list-text\">B\u00e2t. A, salle 434<\/span>\n\t\t\t\t\t\t\t\t\t<\/li>\n\t\t\t\t\t\t\t\t<li class=\"elementor-icon-list-item\">\n\t\t\t\t\t\t\t\t\t\t\t<span class=\"elementor-icon-list-icon\">\n\t\t\t\t\t\t\t<i aria-hidden=\"true\" class=\"fas fa-phone-alt\"><\/i>\t\t\t\t\t\t<\/span>\n\t\t\t\t\t\t\t\t\t\t<span class=\"elementor-icon-list-text\">01 49 40 66 62<\/span>\n\t\t\t\t\t\t\t\t\t<\/li>\n\t\t\t\t\t\t\t\t<li class=\"elementor-icon-list-item\">\n\t\t\t\t\t\t\t\t\t\t\t<span class=\"elementor-icon-list-icon\">\n\t\t\t\t\t\t\t<i aria-hidden=\"true\" class=\"fas fa-envelope\"><\/i>\t\t\t\t\t\t<\/span>\n\t\t\t\t\t\t\t\t\t\t<span class=\"elementor-icon-list-text\">msde@univ-paris8.fr<\/span>\n\t\t\t\t\t\t\t\t\t<\/li>\n\t\t\t\t\t\t\t\t<li class=\"elementor-icon-list-item\">\n\t\t\t\t\t\t\t\t\t\t\t<a href=\"https:\/\/ufr-sepf.univ-paris8.fr\">\n\n\t\t\t\t\t\t\t\t\t\t\t<span class=\"elementor-icon-list-text\">https:\/\/ufr-sepf.univ-paris8.fr<\/span>\n\t\t\t\t\t\t\t\t\t\t\t<\/a>\n\t\t\t\t\t\t\t\t\t<\/li>\n\t\t\t\t\t\t<\/ul>\n\t\t\t\t\t\t<\/div>\n\t\t\t\t<\/div>\n\t\t\t\t\t<\/div>\n\t\t<\/div>\n\t\t\t\t<div class=\"elementor-column elementor-col-50 elementor-inner-column elementor-element elementor-element-5c48640\" data-id=\"5c48640\" data-element_type=\"column\">\n\t\t\t<div class=\"elementor-widget-wrap elementor-element-populated\">\n\t\t\t\t\t\t<div class=\"elementor-element elementor-element-a43d074 elementor-widget__width-initial elementor-widget elementor-widget-heading\" data-id=\"a43d074\" data-element_type=\"widget\" data-widget_type=\"heading.default\">\n\t\t\t\t<div class=\"elementor-widget-container\">\n\t\t\t\t\t<h3 class=\"elementor-heading-title elementor-size-large\">Contact p\u00e9dagogique UP8 \n  (\u00e0 distance)<\/h3>\t\t\t\t<\/div>\n\t\t\t\t<\/div>\n\t\t\t\t<div class=\"elementor-element elementor-element-fe20e15 elementor-widget__width-initial elementor-icon-list--layout-traditional elementor-list-item-link-full_width elementor-widget elementor-widget-icon-list\" data-id=\"fe20e15\" data-element_type=\"widget\" data-widget_type=\"icon-list.default\">\n\t\t\t\t<div class=\"elementor-widget-container\">\n\t\t\t\t\t\t\t<ul class=\"elementor-icon-list-items\">\n\t\t\t\t\t\t\t<li class=\"elementor-icon-list-item\">\n\t\t\t\t\t\t\t\t\t\t\t<span class=\"elementor-icon-list-icon\">\n\t\t\t\t\t\t\t<i aria-hidden=\"true\" class=\"fas fa-envelope\"><\/i>\t\t\t\t\t\t<\/span>\n\t\t\t\t\t\t\t\t\t\t<span class=\"elementor-icon-list-text\"> jean-michel.anjoure@iedparis8.net<\/span>\n\t\t\t\t\t\t\t\t\t<\/li>\n\t\t\t\t\t\t<\/ul>\n\t\t\t\t\t\t<\/div>\n\t\t\t\t<\/div>\n\t\t\t\t\t<\/div>\n\t\t<\/div>\n\t\t\t\t\t<\/div>\n\t\t<\/section>\n\t\t\t\t\t<\/div>\n\t\t<\/div>\n\t\t\t\t\t<\/div>\n\t\t<\/section>\n\t\t\t\t<\/div>\n\t\t","protected":false},"excerpt":{"rendered":"<p>Master en Sciences de l&#8217;\u00e9ducation et de la formation (ETLV) Parcours Education Tout au Long de la Vie (ETLV) du Master mention Sciences de l\u2019\u00e9ducation et de la formation\u00a0de Le parcours &#8220;\u00c9ducation Tout au Long de la Vie&#8221; (ETLV) met l\u2019accent sur les apprentissages et l&#8217;\u00e9ducation qui se jouent dans les situations les moins formelles, [&hellip;]<\/p>\n","protected":false},"author":1060,"featured_media":0,"parent":131,"menu_order":0,"comment_status":"closed","ping_status":"closed","template":"elementor_header_footer","meta":{"_eb_attr":"","_uag_custom_page_level_css":"","site-sidebar-layout":"default","site-content-layout":"default","ast-site-content-layout":"default","site-content-style":"default","site-sidebar-style":"default","ast-global-header-display":"","ast-banner-title-visibility":"","ast-main-header-display":"","ast-hfb-above-header-display":"","ast-hfb-below-header-display":"","ast-hfb-mobile-header-display":"","site-post-title":"","ast-breadcrumbs-content":"","ast-featured-img":"","footer-sml-layout":"","theme-transparent-header-meta":"default","adv-header-id-meta":"","stick-header-meta":"","header-above-stick-meta":"","header-main-stick-meta":"","header-below-stick-meta":"","astra-migrate-meta-layouts":"set","ast-page-background-enabled":"default","ast-page-background-meta":{"desktop":{"background-color":"","background-image":"","background-repeat":"repeat","background-position":"center center","background-size":"auto","background-attachment":"scroll","background-type":"","background-media":"","overlay-type":"","overlay-color":"","overlay-opacity":"","overlay-gradient":""},"tablet":{"background-color":"","background-image":"","background-repeat":"repeat","background-position":"center center","background-size":"auto","background-attachment":"scroll","background-type":"","background-media":"","overlay-type":"","overlay-color":"","overlay-opacity":"","overlay-gradient":""},"mobile":{"background-color":"","background-image":"","background-repeat":"repeat","background-position":"center center","background-size":"auto","background-attachment":"scroll","background-type":"","background-media":"","overlay-type":"","overlay-color":"","overlay-opacity":"","overlay-gradient":""}},"ast-content-background-meta":{"desktop":{"background-color":"var(--ast-global-color-5)","background-image":"","background-repeat":"repeat","background-position":"center center","background-size":"auto","background-attachment":"scroll","background-type":"","background-media":"","overlay-type":"","overlay-color":"","overlay-opacity":"","overlay-gradient":""},"tablet":{"background-color":"var(--ast-global-color-5)","background-image":"","background-repeat":"repeat","background-position":"center center","background-size":"auto","background-attachment":"scroll","background-type":"","background-media":"","overlay-type":"","overlay-color":"","overlay-opacity":"","overlay-gradient":""},"mobile":{"background-color":"var(--ast-global-color-5)","background-image":"","background-repeat":"repeat","background-position":"center center","background-size":"auto","background-attachment":"scroll","background-type":"","background-media":"","overlay-type":"","overlay-color":"","overlay-opacity":"","overlay-gradient":""}},"footnotes":"","_links_to":"","_links_to_target":""},"categories":[],"tags":[],"class_list":["post-157","page","type-page","status-publish","hentry"],"uagb_featured_image_src":{"full":false,"thumbnail":false,"medium":false,"medium_large":false,"large":false,"1536x1536":false,"2048x2048":false,"htmega_size_585x295":false,"htmega_size_1170x536":false,"htmega_size_396x360":false},"uagb_author_info":{"display_name":"Nora Belkhiri","author_link":"https:\/\/liage.univ-paris8.fr\/?author=1060"},"uagb_comment_info":0,"uagb_excerpt":"Master en Sciences de l&#8217;\u00e9ducation et de la formation (ETLV) Parcours Education Tout au Long de la Vie (ETLV) du Master mention Sciences de l\u2019\u00e9ducation et de la formation\u00a0de Le parcours &#8220;\u00c9ducation Tout au Long de la Vie&#8221; (ETLV) met l\u2019accent sur les apprentissages et l&#8217;\u00e9ducation qui se jouent dans les situations les moins formelles,\u2026","_links":{"self":[{"href":"https:\/\/liage.univ-paris8.fr\/index.php?rest_route=\/wp\/v2\/pages\/157","targetHints":{"allow":["GET"]}}],"collection":[{"href":"https:\/\/liage.univ-paris8.fr\/index.php?rest_route=\/wp\/v2\/pages"}],"about":[{"href":"https:\/\/liage.univ-paris8.fr\/index.php?rest_route=\/wp\/v2\/types\/page"}],"author":[{"embeddable":true,"href":"https:\/\/liage.univ-paris8.fr\/index.php?rest_route=\/wp\/v2\/users\/1060"}],"replies":[{"embeddable":true,"href":"https:\/\/liage.univ-paris8.fr\/index.php?rest_route=%2Fwp%2Fv2%2Fcomments&post=157"}],"version-history":[{"count":148,"href":"https:\/\/liage.univ-paris8.fr\/index.php?rest_route=\/wp\/v2\/pages\/157\/revisions"}],"predecessor-version":[{"id":9566,"href":"https:\/\/liage.univ-paris8.fr\/index.php?rest_route=\/wp\/v2\/pages\/157\/revisions\/9566"}],"up":[{"embeddable":true,"href":"https:\/\/liage.univ-paris8.fr\/index.php?rest_route=\/wp\/v2\/pages\/131"}],"wp:attachment":[{"href":"https:\/\/liage.univ-paris8.fr\/index.php?rest_route=%2Fwp%2Fv2%2Fmedia&parent=157"}],"wp:term":[{"taxonomy":"category","embeddable":true,"href":"https:\/\/liage.univ-paris8.fr\/index.php?rest_route=%2Fwp%2Fv2%2Fcategories&post=157"},{"taxonomy":"post_tag","embeddable":true,"href":"https:\/\/liage.univ-paris8.fr\/index.php?rest_route=%2Fwp%2Fv2%2Ftags&post=157"}],"curies":[{"name":"wp","href":"https:\/\/api.w.org\/{rel}","templated":true}]}}