{"id":8730,"date":"2025-05-12T13:47:46","date_gmt":"2025-05-12T11:47:46","guid":{"rendered":"https:\/\/liage.univ-paris8.fr\/?page_id=8730"},"modified":"2025-11-17T21:29:51","modified_gmt":"2025-11-17T19:29:51","slug":"projets-financiers","status":"publish","type":"page","link":"https:\/\/liage.univ-paris8.fr\/?page_id=8730","title":{"rendered":"Projets financ\u00e9s"},"content":{"rendered":"\t\t<div data-elementor-type=\"wp-page\" data-elementor-id=\"8730\" class=\"elementor elementor-8730\">\n\t\t\t\t\t\t<section class=\"elementor-section elementor-top-section elementor-element elementor-element-ed8aaf2 elementor-section-stretched elementor-section-boxed elementor-section-height-default elementor-section-height-default\" data-id=\"ed8aaf2\" data-element_type=\"section\" data-settings=\"{&quot;stretch_section&quot;:&quot;section-stretched&quot;,&quot;background_background&quot;:&quot;slideshow&quot;,&quot;background_slideshow_gallery&quot;:[{&quot;id&quot;:8847,&quot;url&quot;:&quot;https:\\\/\\\/liage.univ-paris8.fr\\\/wp-content\\\/uploads\\\/2025\\\/05\\\/pngtree-crystal-background-design-with-light-blue-and-gray-image_697361.jpg&quot;}],&quot;background_slideshow_loop&quot;:&quot;yes&quot;,&quot;background_slideshow_slide_duration&quot;:5000,&quot;background_slideshow_slide_transition&quot;:&quot;fade&quot;,&quot;background_slideshow_transition_duration&quot;:500}\">\n\t\t\t\t\t\t\t<div class=\"elementor-background-overlay\"><\/div>\n\t\t\t\t\t\t\t<div class=\"elementor-container elementor-column-gap-default\">\n\t\t\t\t\t<div class=\"elementor-column elementor-col-100 elementor-top-column elementor-element elementor-element-58d1ad6\" data-id=\"58d1ad6\" data-element_type=\"column\">\n\t\t\t<div class=\"elementor-widget-wrap elementor-element-populated\">\n\t\t\t\t\t\t<div class=\"elementor-element elementor-element-78e9862 elementor-widget elementor-widget-heading\" data-id=\"78e9862\" data-element_type=\"widget\" data-widget_type=\"heading.default\">\n\t\t\t\t<div class=\"elementor-widget-container\">\n\t\t\t\t\t<h2 class=\"elementor-heading-title elementor-size-default\">Projets financ\u00e9s <\/h2>\t\t\t\t<\/div>\n\t\t\t\t<\/div>\n\t\t\t\t\t<\/div>\n\t\t<\/div>\n\t\t\t\t\t<\/div>\n\t\t<\/section>\n\t\t\t\t<section class=\"elementor-section elementor-top-section elementor-element elementor-element-15e6019 elementor-section-boxed elementor-section-height-default elementor-section-height-default\" data-id=\"15e6019\" data-element_type=\"section\" data-settings=\"{&quot;background_background&quot;:&quot;classic&quot;}\">\n\t\t\t\t\t\t\t<div class=\"elementor-background-overlay\"><\/div>\n\t\t\t\t\t\t\t<div class=\"elementor-container elementor-column-gap-default\">\n\t\t\t\t\t<div class=\"elementor-column elementor-col-33 elementor-top-column elementor-element elementor-element-2074727\" data-id=\"2074727\" data-element_type=\"column\">\n\t\t\t<div class=\"elementor-widget-wrap elementor-element-populated\">\n\t\t\t\t\t\t<div class=\"elementor-element elementor-element-7354927 elementor-widget__width-initial elementor-widget elementor-widget-image\" data-id=\"7354927\" data-element_type=\"widget\" data-widget_type=\"image.default\">\n\t\t\t\t<div class=\"elementor-widget-container\">\n\t\t\t\t\t\t\t\t\t\t\t\t\t\t\t\t<a href=\"\">\n\t\t\t\t\t\t\t<img fetchpriority=\"high\" decoding=\"async\" width=\"763\" height=\"592\" src=\"https:\/\/liage.univ-paris8.fr\/wp-content\/uploads\/2025\/05\/3-Omeka.jpg\" class=\"attachment-full size-full wp-image-8672\" alt=\"\" srcset=\"https:\/\/liage.univ-paris8.fr\/wp-content\/uploads\/2025\/05\/3-Omeka.jpg 763w, https:\/\/liage.univ-paris8.fr\/wp-content\/uploads\/2025\/05\/3-Omeka-300x233.jpg 300w, https:\/\/liage.univ-paris8.fr\/wp-content\/uploads\/2025\/05\/3-Omeka-150x116.jpg 150w\" sizes=\"(max-width: 763px) 100vw, 763px\" \/>\t\t\t\t\t\t\t\t<\/a>\n\t\t\t\t\t\t\t\t\t\t\t\t\t\t\t<\/div>\n\t\t\t\t<\/div>\n\t\t\t\t\t<\/div>\n\t\t<\/div>\n\t\t\t\t<div class=\"elementor-column elementor-col-66 elementor-top-column elementor-element elementor-element-ad34487\" data-id=\"ad34487\" data-element_type=\"column\" data-settings=\"{&quot;background_background&quot;:&quot;classic&quot;}\">\n\t\t\t<div class=\"elementor-widget-wrap elementor-element-populated\">\n\t\t\t\t\t\t<div class=\"elementor-element elementor-element-55d37d8 elementor-widget elementor-widget-heading\" data-id=\"55d37d8\" data-element_type=\"widget\" data-widget_type=\"heading.default\">\n\t\t\t\t<div class=\"elementor-widget-container\">\n\t\t\t\t\t<h2 class=\"elementor-heading-title elementor-size-default\">Savoirs et \u00e9ducations populaires et militantes des adultes en Seine-Saint-Denis (XIXe-XXIe si\u00e8cle). Socio-histoire collaborative et m\u00e9moire partag\u00e9e (2024-2025) <\/h2>\t\t\t\t<\/div>\n\t\t\t\t<\/div>\n\t\t\t\t<div class=\"elementor-element elementor-element-33c7602 elementor-widget__width-initial elementor-widget elementor-widget-text-editor\" data-id=\"33c7602\" data-element_type=\"widget\" data-widget_type=\"text-editor.default\">\n\t\t\t\t<div class=\"elementor-widget-container\">\n\t\t\t\t\t\t\t\t\t<p><span data-contrast=\"auto\">Coordination\u202f: Fran\u00e7oise F. Laot \u2013 Projet laur\u00e9at de l\u2019AAP de la Commission recherche de l\u2019universit\u00e9 Paris 8.<\/span><span data-ccp-props=\"{&quot;201341983&quot;:0,&quot;335551550&quot;:6,&quot;335551620&quot;:6,&quot;335559739&quot;:120,&quot;335559740&quot;:240}\">\u00a0<\/span><\/p><p><span class=\"TextRun SCXW45327042 BCX8\" lang=\"FR-FR\" xml:lang=\"FR-FR\" data-contrast=\"auto\"><span class=\"NormalTextRun SCXW45327042 BCX8\">Organiser le libre acc\u00e8s et la valorisation des archives collect\u00e9es dans le cadre des projets SAFO et <\/span><span class=\"NormalTextRun SpellingErrorV2Themed SCXW45327042 BCX8\">MilSAFO<\/span><span class=\"NormalTextRun SCXW45327042 BCX8\"> et permettre l\u2019enrichissement des fonds (archives papier et archives orales) en leur assurant une visibilit\u00e9 large et ouverte <\/span><span class=\"NormalTextRun SCXW45327042 BCX8\">\u00e0 travers <\/span><span class=\"NormalTextRun SCXW45327042 BCX8\">la mise en ligne <\/span><span class=\"NormalTextRun SCXW45327042 BCX8\">d\u2019<\/span><span class=\"NormalTextRun SCXW45327042 BCX8\">une instance <\/span><span class=\"NormalTextRun SpellingErrorV2Themed SCXW45327042 BCX8\">Omeka<\/span><span class=\"NormalTextRun SCXW45327042 BCX8\"> (<\/span><span class=\"NormalTextRun SCXW45327042 BCX8\">outil Open Source qui permet de publier, cataloguer et partager des fichiers num\u00e9riques).<\/span><\/span><span class=\"EOP SCXW45327042 BCX8\" data-ccp-props=\"{&quot;201341983&quot;:0,&quot;335551550&quot;:6,&quot;335551620&quot;:6,&quot;335559739&quot;:120,&quot;335559740&quot;:240}\">\u00a0<\/span><\/p>\t\t\t\t\t\t\t\t<\/div>\n\t\t\t\t<\/div>\n\t\t\t\t<div class=\"elementor-element elementor-element-ee02036 elementor-widget elementor-widget-button\" data-id=\"ee02036\" data-element_type=\"widget\" data-widget_type=\"button.default\">\n\t\t\t\t<div class=\"elementor-widget-container\">\n\t\t\t\t\t\t\t\t\t<div class=\"elementor-button-wrapper\">\n\t\t\t\t\t<a class=\"elementor-button elementor-button-link elementor-size-sm\" href=\"https:\/\/liage.univ-paris8.fr\/?page_id=9062\">\n\t\t\t\t\t\t<span class=\"elementor-button-content-wrapper\">\n\t\t\t\t\t\t<span class=\"elementor-button-icon\">\n\t\t\t\t<i aria-hidden=\"true\" class=\"fas fa-external-link-alt\"><\/i>\t\t\t<\/span>\n\t\t\t\t\t\t\t\t\t<span class=\"elementor-button-text\">En savoir +<\/span>\n\t\t\t\t\t<\/span>\n\t\t\t\t\t<\/a>\n\t\t\t\t<\/div>\n\t\t\t\t\t\t\t\t<\/div>\n\t\t\t\t<\/div>\n\t\t\t\t\t<\/div>\n\t\t<\/div>\n\t\t\t\t\t<\/div>\n\t\t<\/section>\n\t\t\t\t<section class=\"elementor-section elementor-top-section elementor-element elementor-element-80db01c elementor-section-boxed elementor-section-height-default elementor-section-height-default\" data-id=\"80db01c\" data-element_type=\"section\">\n\t\t\t\t\t\t\t<div class=\"elementor-background-overlay\"><\/div>\n\t\t\t\t\t\t\t<div class=\"elementor-container elementor-column-gap-default\">\n\t\t\t\t\t<div class=\"elementor-column elementor-col-33 elementor-top-column elementor-element elementor-element-5be239d\" data-id=\"5be239d\" data-element_type=\"column\">\n\t\t\t<div class=\"elementor-widget-wrap elementor-element-populated\">\n\t\t\t\t\t\t<div class=\"elementor-element elementor-element-07424ba elementor-widget elementor-widget-image\" data-id=\"07424ba\" data-element_type=\"widget\" data-widget_type=\"image.default\">\n\t\t\t\t<div class=\"elementor-widget-container\">\n\t\t\t\t\t\t\t\t\t\t\t\t\t\t\t\t<a href=\"\">\n\t\t\t\t\t\t\t<img decoding=\"async\" width=\"773\" height=\"757\" src=\"https:\/\/liage.univ-paris8.fr\/wp-content\/uploads\/2025\/05\/2-Milsafo.jpg\" class=\"attachment-large size-large wp-image-8671\" alt=\"\" srcset=\"https:\/\/liage.univ-paris8.fr\/wp-content\/uploads\/2025\/05\/2-Milsafo.jpg 773w, https:\/\/liage.univ-paris8.fr\/wp-content\/uploads\/2025\/05\/2-Milsafo-300x294.jpg 300w, https:\/\/liage.univ-paris8.fr\/wp-content\/uploads\/2025\/05\/2-Milsafo-150x147.jpg 150w, https:\/\/liage.univ-paris8.fr\/wp-content\/uploads\/2025\/05\/2-Milsafo-768x752.jpg 768w\" sizes=\"(max-width: 773px) 100vw, 773px\" \/>\t\t\t\t\t\t\t\t<\/a>\n\t\t\t\t\t\t\t\t\t\t\t\t\t\t\t<\/div>\n\t\t\t\t<\/div>\n\t\t\t\t\t<\/div>\n\t\t<\/div>\n\t\t\t\t<div class=\"elementor-column elementor-col-66 elementor-top-column elementor-element elementor-element-e531831\" data-id=\"e531831\" data-element_type=\"column\" data-settings=\"{&quot;background_background&quot;:&quot;classic&quot;}\">\n\t\t\t<div class=\"elementor-widget-wrap elementor-element-populated\">\n\t\t\t\t\t\t<div class=\"elementor-element elementor-element-6c7b4c0 elementor-widget elementor-widget-heading\" data-id=\"6c7b4c0\" data-element_type=\"widget\" data-widget_type=\"heading.default\">\n\t\t\t\t<div class=\"elementor-widget-container\">\n\t\t\t\t\t<h2 class=\"elementor-heading-title elementor-size-default\">MilSAFO : Militantismes, savoirs et formations en Seine-Saint-Denis (MISAFO)\u202f: recherche collaborative d\u2019archives (2024) <\/h2>\t\t\t\t<\/div>\n\t\t\t\t<\/div>\n\t\t\t\t<div class=\"elementor-element elementor-element-819bd1d elementor-widget elementor-widget-text-editor\" data-id=\"819bd1d\" data-element_type=\"widget\" data-widget_type=\"text-editor.default\">\n\t\t\t\t<div class=\"elementor-widget-container\">\n\t\t\t\t\t\t\t\t\t<p><span data-contrast=\"auto\">Coordination\u202f: Fran\u00e7oise F. Laot (Experice\/LIAgE) et Emmanuel Bellanger (Centre d\u2019histoire sociale des mondes contemporains, UMR CNRS)<\/span><span data-ccp-props=\"{&quot;201341983&quot;:0,&quot;335551550&quot;:6,&quot;335551620&quot;:6,&quot;335559739&quot;:0,&quot;335559740&quot;:240}\">\u00a0<\/span><\/p><p><span data-contrast=\"auto\">Projet laur\u00e9at de l\u2019Appel \u00e0 Projet de la MSH Paris Nord 2024.<\/span><span data-ccp-props=\"{&quot;201341983&quot;:0,&quot;335551550&quot;:6,&quot;335551620&quot;:6,&quot;335559739&quot;:0,&quot;335559740&quot;:240}\">\u00a0<\/span><\/p><p><span class=\"TextRun SCXW3936503 BCX8\" lang=\"FR-FR\" xml:lang=\"FR-FR\" data-contrast=\"auto\"><span class=\"NormalTextRun SCXW3936503 BCX8\">Dans les lieux m\u00eames de leur conservation (Centres d\u2019archives municipales, d\u00e9partementales, si\u00e8ges de collectifs disposant de fonds, \u2026<\/span><\/span><\/p>\t\t\t\t\t\t\t\t<\/div>\n\t\t\t\t<\/div>\n\t\t\t\t<div class=\"elementor-element elementor-element-dc7d406 elementor-widget elementor-widget-button\" data-id=\"dc7d406\" data-element_type=\"widget\" data-widget_type=\"button.default\">\n\t\t\t\t<div class=\"elementor-widget-container\">\n\t\t\t\t\t\t\t\t\t<div class=\"elementor-button-wrapper\">\n\t\t\t\t\t<a class=\"elementor-button elementor-button-link elementor-size-sm\" href=\"https:\/\/liage.univ-paris8.fr\/?p=8693\">\n\t\t\t\t\t\t<span class=\"elementor-button-content-wrapper\">\n\t\t\t\t\t\t<span class=\"elementor-button-icon\">\n\t\t\t\t<i aria-hidden=\"true\" class=\"fas fa-external-link-alt\"><\/i>\t\t\t<\/span>\n\t\t\t\t\t\t\t\t\t<span class=\"elementor-button-text\">En savoir +<\/span>\n\t\t\t\t\t<\/span>\n\t\t\t\t\t<\/a>\n\t\t\t\t<\/div>\n\t\t\t\t\t\t\t\t<\/div>\n\t\t\t\t<\/div>\n\t\t\t\t\t<\/div>\n\t\t<\/div>\n\t\t\t\t\t<\/div>\n\t\t<\/section>\n\t\t\t\t<section class=\"elementor-section elementor-top-section elementor-element elementor-element-9ad7b1f elementor-section-boxed elementor-section-height-default elementor-section-height-default\" data-id=\"9ad7b1f\" data-element_type=\"section\">\n\t\t\t\t\t\t<div class=\"elementor-container elementor-column-gap-default\">\n\t\t\t\t\t<div class=\"elementor-column elementor-col-33 elementor-top-column elementor-element elementor-element-56ca46e\" data-id=\"56ca46e\" data-element_type=\"column\">\n\t\t\t<div class=\"elementor-widget-wrap elementor-element-populated\">\n\t\t\t\t\t\t<div class=\"elementor-element elementor-element-69c6c26 elementor-widget elementor-widget-image\" data-id=\"69c6c26\" data-element_type=\"widget\" data-widget_type=\"image.default\">\n\t\t\t\t<div class=\"elementor-widget-container\">\n\t\t\t\t\t\t\t\t\t\t\t\t\t\t\t\t<a href=\"\">\n\t\t\t\t\t\t\t<img decoding=\"async\" width=\"564\" height=\"407\" src=\"https:\/\/liage.univ-paris8.fr\/wp-content\/uploads\/2024\/01\/LOGO-SAFO-copie.png\" class=\"attachment-large size-large wp-image-7947\" alt=\"\" srcset=\"https:\/\/liage.univ-paris8.fr\/wp-content\/uploads\/2024\/01\/LOGO-SAFO-copie.png 564w, https:\/\/liage.univ-paris8.fr\/wp-content\/uploads\/2024\/01\/LOGO-SAFO-copie-300x216.png 300w\" sizes=\"(max-width: 564px) 100vw, 564px\" \/>\t\t\t\t\t\t\t\t<\/a>\n\t\t\t\t\t\t\t\t\t\t\t\t\t\t\t<\/div>\n\t\t\t\t<\/div>\n\t\t\t\t\t<\/div>\n\t\t<\/div>\n\t\t\t\t<div class=\"elementor-column elementor-col-66 elementor-top-column elementor-element elementor-element-e70397c\" data-id=\"e70397c\" data-element_type=\"column\" data-settings=\"{&quot;background_background&quot;:&quot;classic&quot;}\">\n\t\t\t<div class=\"elementor-widget-wrap elementor-element-populated\">\n\t\t\t\t\t\t<div class=\"elementor-element elementor-element-a4ab4d2 elementor-widget__width-initial elementor-widget elementor-widget-heading\" data-id=\"a4ab4d2\" data-element_type=\"widget\" data-widget_type=\"heading.default\">\n\t\t\t\t<div class=\"elementor-widget-container\">\n\t\t\t\t\t<h2 class=\"elementor-heading-title elementor-size-default\">SAFO-93\u202f: Savoirs et formation des travailleurs et travailleuses en Seine-Saint-Denis (XIXe-XXIe si\u00e8cles. Recherche et valorisation des sources (2022-2024). <\/h2>\t\t\t\t<\/div>\n\t\t\t\t<\/div>\n\t\t\t\t<div class=\"elementor-element elementor-element-600f645 elementor-widget elementor-widget-text-editor\" data-id=\"600f645\" data-element_type=\"widget\" data-widget_type=\"text-editor.default\">\n\t\t\t\t<div class=\"elementor-widget-container\">\n\t\t\t\t\t\t\t\t\t<p><span data-contrast=\"auto\">Coordonn\u00e9 par Fran\u00e7oise F. Laot, laur\u00e9at de l\u2019appel \u00e0 projets commun MSH Paris Nord\/Campus Condorcet \u00ab\u202fCampus universitaires et territoires\u202f\u00bb.<\/span><span data-ccp-props=\"{&quot;201341983&quot;:0,&quot;335551550&quot;:6,&quot;335551620&quot;:6,&quot;335559739&quot;:120,&quot;335559740&quot;:240}\">\u00a0<\/span><\/p><p><span class=\"NormalTextRun SCXW104352303 BCX8\">Le projet <\/span><span class=\"NormalTextRun SCXW104352303 BCX8\">vise \u00e0 documenter et valoriser les actions \u00e9ducatives et de formation men\u00e9es sur le territoire de la Seine-Saint-Denis depuis le XIXe si\u00e8cle&#8230;<\/span><\/p>\t\t\t\t\t\t\t\t<\/div>\n\t\t\t\t<\/div>\n\t\t\t\t<div class=\"elementor-element elementor-element-673d734 elementor-widget elementor-widget-button\" data-id=\"673d734\" data-element_type=\"widget\" data-widget_type=\"button.default\">\n\t\t\t\t<div class=\"elementor-widget-container\">\n\t\t\t\t\t\t\t\t\t<div class=\"elementor-button-wrapper\">\n\t\t\t\t\t<a class=\"elementor-button elementor-button-link elementor-size-sm\" href=\"https:\/\/liage.univ-paris8.fr\/wp-content\/uploads\/2025\/11\/SAFO-flyer.pdf\">\n\t\t\t\t\t\t<span class=\"elementor-button-content-wrapper\">\n\t\t\t\t\t\t<span class=\"elementor-button-icon\">\n\t\t\t\t<i aria-hidden=\"true\" class=\"fas fa-external-link-alt\"><\/i>\t\t\t<\/span>\n\t\t\t\t\t\t\t\t\t<span class=\"elementor-button-text\">En savoir +<\/span>\n\t\t\t\t\t<\/span>\n\t\t\t\t\t<\/a>\n\t\t\t\t<\/div>\n\t\t\t\t\t\t\t\t<\/div>\n\t\t\t\t<\/div>\n\t\t\t\t\t<\/div>\n\t\t<\/div>\n\t\t\t\t\t<\/div>\n\t\t<\/section>\n\t\t\t\t<\/div>\n\t\t","protected":false},"excerpt":{"rendered":"<p>Projets financ\u00e9s Savoirs et \u00e9ducations populaires et militantes des adultes en Seine-Saint-Denis (XIXe-XXIe si\u00e8cle). Socio-histoire collaborative et m\u00e9moire partag\u00e9e (2024-2025) Coordination\u202f: Fran\u00e7oise F. Laot \u2013 Projet laur\u00e9at de l\u2019AAP de la Commission recherche de l\u2019universit\u00e9 Paris 8.\u00a0 Organiser le libre acc\u00e8s et la valorisation des archives collect\u00e9es dans le cadre des projets SAFO et MilSAFO [&hellip;]<\/p>\n","protected":false},"author":1060,"featured_media":0,"parent":0,"menu_order":0,"comment_status":"closed","ping_status":"closed","template":"","meta":{"_eb_attr":"","_uag_custom_page_level_css":"","site-sidebar-layout":"no-sidebar","site-content-layout":"page-builder","ast-site-content-layout":"full-width-container","site-content-style":"default","site-sidebar-style":"default","ast-global-header-display":"","ast-banner-title-visibility":"","ast-main-header-display":"","ast-hfb-above-header-display":"","ast-hfb-below-header-display":"","ast-hfb-mobile-header-display":"","site-post-title":"disabled","ast-breadcrumbs-content":"","ast-featured-img":"disabled","footer-sml-layout":"","theme-transparent-header-meta":"","adv-header-id-meta":"","stick-header-meta":"","header-above-stick-meta":"","header-main-stick-meta":"","header-below-stick-meta":"","astra-migrate-meta-layouts":"default","ast-page-background-enabled":"default","ast-page-background-meta":{"desktop":{"background-color":"","background-image":"","background-repeat":"repeat","background-position":"center center","background-size":"auto","background-attachment":"scroll","background-type":"","background-media":"","overlay-type":"","overlay-color":"","overlay-opacity":"","overlay-gradient":""},"tablet":{"background-color":"","background-image":"","background-repeat":"repeat","background-position":"center center","background-size":"auto","background-attachment":"scroll","background-type":"","background-media":"","overlay-type":"","overlay-color":"","overlay-opacity":"","overlay-gradient":""},"mobile":{"background-color":"","background-image":"","background-repeat":"repeat","background-position":"center center","background-size":"auto","background-attachment":"scroll","background-type":"","background-media":"","overlay-type":"","overlay-color":"","overlay-opacity":"","overlay-gradient":""}},"ast-content-background-meta":{"desktop":{"background-color":"var(--ast-global-color-5)","background-image":"","background-repeat":"repeat","background-position":"center center","background-size":"auto","background-attachment":"scroll","background-type":"","background-media":"","overlay-type":"","overlay-color":"","overlay-opacity":"","overlay-gradient":""},"tablet":{"background-color":"var(--ast-global-color-5)","background-image":"","background-repeat":"repeat","background-position":"center center","background-size":"auto","background-attachment":"scroll","background-type":"","background-media":"","overlay-type":"","overlay-color":"","overlay-opacity":"","overlay-gradient":""},"mobile":{"background-color":"var(--ast-global-color-5)","background-image":"","background-repeat":"repeat","background-position":"center center","background-size":"auto","background-attachment":"scroll","background-type":"","background-media":"","overlay-type":"","overlay-color":"","overlay-opacity":"","overlay-gradient":""}},"footnotes":"","_links_to":"","_links_to_target":""},"categories":[],"tags":[],"class_list":["post-8730","page","type-page","status-publish","hentry"],"uagb_featured_image_src":{"full":false,"thumbnail":false,"medium":false,"medium_large":false,"large":false,"1536x1536":false,"2048x2048":false,"htmega_size_585x295":false,"htmega_size_1170x536":false,"htmega_size_396x360":false},"uagb_author_info":{"display_name":"Nora Belkhiri","author_link":"https:\/\/liage.univ-paris8.fr\/?author=1060"},"uagb_comment_info":0,"uagb_excerpt":"Projets financ\u00e9s Savoirs et \u00e9ducations populaires et militantes des adultes en Seine-Saint-Denis (XIXe-XXIe si\u00e8cle). Socio-histoire collaborative et m\u00e9moire partag\u00e9e (2024-2025) Coordination\u202f: Fran\u00e7oise F. Laot \u2013 Projet laur\u00e9at de l\u2019AAP de la Commission recherche de l\u2019universit\u00e9 Paris 8.\u00a0 Organiser le libre acc\u00e8s et la valorisation des archives collect\u00e9es dans le cadre des projets SAFO et MilSAFO\u2026","_links":{"self":[{"href":"https:\/\/liage.univ-paris8.fr\/index.php?rest_route=\/wp\/v2\/pages\/8730","targetHints":{"allow":["GET"]}}],"collection":[{"href":"https:\/\/liage.univ-paris8.fr\/index.php?rest_route=\/wp\/v2\/pages"}],"about":[{"href":"https:\/\/liage.univ-paris8.fr\/index.php?rest_route=\/wp\/v2\/types\/page"}],"author":[{"embeddable":true,"href":"https:\/\/liage.univ-paris8.fr\/index.php?rest_route=\/wp\/v2\/users\/1060"}],"replies":[{"embeddable":true,"href":"https:\/\/liage.univ-paris8.fr\/index.php?rest_route=%2Fwp%2Fv2%2Fcomments&post=8730"}],"version-history":[{"count":53,"href":"https:\/\/liage.univ-paris8.fr\/index.php?rest_route=\/wp\/v2\/pages\/8730\/revisions"}],"predecessor-version":[{"id":10024,"href":"https:\/\/liage.univ-paris8.fr\/index.php?rest_route=\/wp\/v2\/pages\/8730\/revisions\/10024"}],"wp:attachment":[{"href":"https:\/\/liage.univ-paris8.fr\/index.php?rest_route=%2Fwp%2Fv2%2Fmedia&parent=8730"}],"wp:term":[{"taxonomy":"category","embeddable":true,"href":"https:\/\/liage.univ-paris8.fr\/index.php?rest_route=%2Fwp%2Fv2%2Fcategories&post=8730"},{"taxonomy":"post_tag","embeddable":true,"href":"https:\/\/liage.univ-paris8.fr\/index.php?rest_route=%2Fwp%2Fv2%2Ftags&post=8730"}],"curies":[{"name":"wp","href":"https:\/\/api.w.org\/{rel}","templated":true}]}}