{"id":8800,"date":"2025-05-18T17:35:33","date_gmt":"2025-05-18T15:35:33","guid":{"rendered":"https:\/\/liage.univ-paris8.fr\/?page_id=8800"},"modified":"2025-11-03T15:59:57","modified_gmt":"2025-11-03T13:59:57","slug":"apprendre-par-experiences-tout-au-long-de-la-vie","status":"publish","type":"page","link":"https:\/\/liage.univ-paris8.fr\/?page_id=8800","title":{"rendered":"Apprendre par exp\u00e9rience(s) tout au long de la vie"},"content":{"rendered":"\t\t<div data-elementor-type=\"wp-page\" data-elementor-id=\"8800\" class=\"elementor elementor-8800\">\n\t\t\t\t\t\t<section class=\"elementor-section elementor-top-section elementor-element elementor-element-51183a2 elementor-section-boxed elementor-section-height-default elementor-section-height-default\" data-id=\"51183a2\" data-element_type=\"section\" data-settings=\"{&quot;background_background&quot;:&quot;slideshow&quot;,&quot;background_slideshow_gallery&quot;:[{&quot;id&quot;:8847,&quot;url&quot;:&quot;https:\\\/\\\/liage.univ-paris8.fr\\\/wp-content\\\/uploads\\\/2025\\\/05\\\/pngtree-crystal-background-design-with-light-blue-and-gray-image_697361.jpg&quot;}],&quot;background_slideshow_loop&quot;:&quot;yes&quot;,&quot;background_slideshow_slide_duration&quot;:5000,&quot;background_slideshow_slide_transition&quot;:&quot;fade&quot;,&quot;background_slideshow_transition_duration&quot;:500}\">\n\t\t\t\t\t\t\t<div class=\"elementor-background-overlay\"><\/div>\n\t\t\t\t\t\t\t<div class=\"elementor-container elementor-column-gap-default\">\n\t\t\t\t\t<div class=\"elementor-column elementor-col-100 elementor-top-column elementor-element elementor-element-b63fef4\" data-id=\"b63fef4\" data-element_type=\"column\">\n\t\t\t<div class=\"elementor-widget-wrap elementor-element-populated\">\n\t\t\t\t\t\t<div class=\"elementor-element elementor-element-2ee52e6 elementor-widget elementor-widget-heading\" data-id=\"2ee52e6\" data-element_type=\"widget\" data-widget_type=\"heading.default\">\n\t\t\t\t<div class=\"elementor-widget-container\">\n\t\t\t\t\t<h2 class=\"elementor-heading-title elementor-size-default\">Apprendre par exp\u00e9rience(s) tout au long de la vie<\/h2>\t\t\t\t<\/div>\n\t\t\t\t<\/div>\n\t\t\t\t\t<\/div>\n\t\t<\/div>\n\t\t\t\t\t<\/div>\n\t\t<\/section>\n\t\t\t\t<section class=\"elementor-section elementor-top-section elementor-element elementor-element-9ce1763 elementor-section-boxed elementor-section-height-default elementor-section-height-default\" data-id=\"9ce1763\" data-element_type=\"section\">\n\t\t\t\t\t\t<div class=\"elementor-container elementor-column-gap-default\">\n\t\t\t\t\t<div class=\"elementor-column elementor-col-100 elementor-top-column elementor-element elementor-element-e71666a\" data-id=\"e71666a\" data-element_type=\"column\">\n\t\t\t<div class=\"elementor-widget-wrap elementor-element-populated\">\n\t\t\t\t\t\t<div class=\"elementor-element elementor-element-457329b elementor-widget elementor-widget-text-editor\" data-id=\"457329b\" data-element_type=\"widget\" data-widget_type=\"text-editor.default\">\n\t\t\t\t<div class=\"elementor-widget-container\">\n\t\t\t\t\t\t\t\t\t<p>Ici, les recherches portent sur les savoirs situ\u00e9s ou \u00e9prouv\u00e9s, que ce soit \u00e0 travers le corps (dont le corps sexu\u00e9) con\u00e7u comme vecteur d\u2019apprentissage ou \u00e0 travers l\u2019\u00e9criture qui donne aussi acc\u00e8s \u00e0 de nouvelles r\u00e9alit\u00e9s sociales. Les parcours de vie et les (auto)- biographies sont \u00e9tudi\u00e9s \u00e0 l\u2019aune de la question des temporalit\u00e9s (rythmes, tournants de vie). Les spatialit\u00e9s enfin permettent d\u2019aborder les territoires dans leurs dimensions mat\u00e9rielle et symboliques, comme des espaces d\u2019exp\u00e9rimentation et d\u2019apprentissage. Ils sont \u00e9tudi\u00e9s \u00e0 partir de l\u2019exp\u00e9rience que leurs habitantes et habitants en d\u00e9veloppent et des initiatives collectives qui contribuent \u00e0 leur fabrication. Le territoire de la Seine-Saint-Denis occupe une place particuli\u00e8re dans les travaux de l\u2019\u00e9quipe, mais d\u2019autres recherches sont \u00e9galement men\u00e9es en Afrique, Am\u00e9rique Latine ou Asie.<\/p>\t\t\t\t\t\t\t\t<\/div>\n\t\t\t\t<\/div>\n\t\t\t\t<div class=\"elementor-element elementor-element-b1c3c45 elementor-align-center elementor-widget elementor-widget-button\" data-id=\"b1c3c45\" data-element_type=\"widget\" data-widget_type=\"button.default\">\n\t\t\t\t<div class=\"elementor-widget-container\">\n\t\t\t\t\t\t\t\t\t<div class=\"elementor-button-wrapper\">\n\t\t\t\t\t<a class=\"elementor-button elementor-button-link elementor-size-sm\" href=\"#\">\n\t\t\t\t\t\t<span class=\"elementor-button-content-wrapper\">\n\t\t\t\t\t\t<span class=\"elementor-button-icon\">\n\t\t\t\t<i aria-hidden=\"true\" class=\"far fa-hourglass\"><\/i>\t\t\t<\/span>\n\t\t\t\t\t\t\t\t\t<span class=\"elementor-button-text\">Le contenu de cette page est en cours d'\u00e9laboration et sera disponible prochainement.<\/span>\n\t\t\t\t\t<\/span>\n\t\t\t\t\t<\/a>\n\t\t\t\t<\/div>\n\t\t\t\t\t\t\t\t<\/div>\n\t\t\t\t<\/div>\n\t\t\t\t\t<\/div>\n\t\t<\/div>\n\t\t\t\t\t<\/div>\n\t\t<\/section>\n\t\t\t\t<\/div>\n\t\t","protected":false},"excerpt":{"rendered":"<p>Apprendre par exp\u00e9rience(s) tout au long de la vie Ici, les recherches portent sur les savoirs situ\u00e9s ou \u00e9prouv\u00e9s, que ce soit \u00e0 travers le corps (dont le corps sexu\u00e9) con\u00e7u comme vecteur d\u2019apprentissage ou \u00e0 travers l\u2019\u00e9criture qui donne aussi acc\u00e8s \u00e0 de nouvelles r\u00e9alit\u00e9s sociales. Les parcours de vie et les (auto)- biographies [&hellip;]<\/p>\n","protected":false},"author":1060,"featured_media":0,"parent":0,"menu_order":0,"comment_status":"closed","ping_status":"closed","template":"","meta":{"_eb_attr":"","_uag_custom_page_level_css":"","site-sidebar-layout":"no-sidebar","site-content-layout":"page-builder","ast-site-content-layout":"full-width-container","site-content-style":"unboxed","site-sidebar-style":"unboxed","ast-global-header-display":"","ast-banner-title-visibility":"","ast-main-header-display":"","ast-hfb-above-header-display":"","ast-hfb-below-header-display":"","ast-hfb-mobile-header-display":"","site-post-title":"disabled","ast-breadcrumbs-content":"","ast-featured-img":"disabled","footer-sml-layout":"","theme-transparent-header-meta":"","adv-header-id-meta":"","stick-header-meta":"","header-above-stick-meta":"","header-main-stick-meta":"","header-below-stick-meta":"","astra-migrate-meta-layouts":"set","ast-page-background-enabled":"default","ast-page-background-meta":{"desktop":{"background-color":"","background-image":"","background-repeat":"repeat","background-position":"center center","background-size":"auto","background-attachment":"scroll","background-type":"","background-media":"","overlay-type":"","overlay-color":"","overlay-opacity":"","overlay-gradient":""},"tablet":{"background-color":"","background-image":"","background-repeat":"repeat","background-position":"center center","background-size":"auto","background-attachment":"scroll","background-type":"","background-media":"","overlay-type":"","overlay-color":"","overlay-opacity":"","overlay-gradient":""},"mobile":{"background-color":"","background-image":"","background-repeat":"repeat","background-position":"center center","background-size":"auto","background-attachment":"scroll","background-type":"","background-media":"","overlay-type":"","overlay-color":"","overlay-opacity":"","overlay-gradient":""}},"ast-content-background-meta":{"desktop":{"background-color":"var(--ast-global-color-5)","background-image":"","background-repeat":"repeat","background-position":"center center","background-size":"auto","background-attachment":"scroll","background-type":"","background-media":"","overlay-type":"","overlay-color":"","overlay-opacity":"","overlay-gradient":""},"tablet":{"background-color":"var(--ast-global-color-5)","background-image":"","background-repeat":"repeat","background-position":"center center","background-size":"auto","background-attachment":"scroll","background-type":"","background-media":"","overlay-type":"","overlay-color":"","overlay-opacity":"","overlay-gradient":""},"mobile":{"background-color":"var(--ast-global-color-5)","background-image":"","background-repeat":"repeat","background-position":"center center","background-size":"auto","background-attachment":"scroll","background-type":"","background-media":"","overlay-type":"","overlay-color":"","overlay-opacity":"","overlay-gradient":""}},"footnotes":"","_links_to":"","_links_to_target":""},"categories":[5],"tags":[],"class_list":["post-8800","page","type-page","status-publish","hentry","category-publications"],"uagb_featured_image_src":{"full":false,"thumbnail":false,"medium":false,"medium_large":false,"large":false,"1536x1536":false,"2048x2048":false,"htmega_size_585x295":false,"htmega_size_1170x536":false,"htmega_size_396x360":false},"uagb_author_info":{"display_name":"Nora Belkhiri","author_link":"https:\/\/liage.univ-paris8.fr\/?author=1060"},"uagb_comment_info":0,"uagb_excerpt":"Apprendre par exp\u00e9rience(s) tout au long de la vie Ici, les recherches portent sur les savoirs situ\u00e9s ou \u00e9prouv\u00e9s, que ce soit \u00e0 travers le corps (dont le corps sexu\u00e9) con\u00e7u comme vecteur d\u2019apprentissage ou \u00e0 travers l\u2019\u00e9criture qui donne aussi acc\u00e8s \u00e0 de nouvelles r\u00e9alit\u00e9s sociales. Les parcours de vie et les (auto)- biographies\u2026","_links":{"self":[{"href":"https:\/\/liage.univ-paris8.fr\/index.php?rest_route=\/wp\/v2\/pages\/8800","targetHints":{"allow":["GET"]}}],"collection":[{"href":"https:\/\/liage.univ-paris8.fr\/index.php?rest_route=\/wp\/v2\/pages"}],"about":[{"href":"https:\/\/liage.univ-paris8.fr\/index.php?rest_route=\/wp\/v2\/types\/page"}],"author":[{"embeddable":true,"href":"https:\/\/liage.univ-paris8.fr\/index.php?rest_route=\/wp\/v2\/users\/1060"}],"replies":[{"embeddable":true,"href":"https:\/\/liage.univ-paris8.fr\/index.php?rest_route=%2Fwp%2Fv2%2Fcomments&post=8800"}],"version-history":[{"count":23,"href":"https:\/\/liage.univ-paris8.fr\/index.php?rest_route=\/wp\/v2\/pages\/8800\/revisions"}],"predecessor-version":[{"id":9326,"href":"https:\/\/liage.univ-paris8.fr\/index.php?rest_route=\/wp\/v2\/pages\/8800\/revisions\/9326"}],"wp:attachment":[{"href":"https:\/\/liage.univ-paris8.fr\/index.php?rest_route=%2Fwp%2Fv2%2Fmedia&parent=8800"}],"wp:term":[{"taxonomy":"category","embeddable":true,"href":"https:\/\/liage.univ-paris8.fr\/index.php?rest_route=%2Fwp%2Fv2%2Fcategories&post=8800"},{"taxonomy":"post_tag","embeddable":true,"href":"https:\/\/liage.univ-paris8.fr\/index.php?rest_route=%2Fwp%2Fv2%2Ftags&post=8800"}],"curies":[{"name":"wp","href":"https:\/\/api.w.org\/{rel}","templated":true}]}}