{"id":9756,"date":"2025-10-31T12:38:56","date_gmt":"2025-10-31T10:38:56","guid":{"rendered":"https:\/\/liage.univ-paris8.fr\/?page_id=9756"},"modified":"2025-11-24T12:29:52","modified_gmt":"2025-11-24T10:29:52","slug":"actus","status":"publish","type":"page","link":"https:\/\/liage.univ-paris8.fr\/?page_id=9756","title":{"rendered":"Actus"},"content":{"rendered":"\t\t<div data-elementor-type=\"wp-page\" data-elementor-id=\"9756\" class=\"elementor elementor-9756\">\n\t\t\t\t\t\t<section class=\"elementor-section elementor-top-section elementor-element elementor-element-5592e9d elementor-section-boxed elementor-section-height-default elementor-section-height-default\" data-id=\"5592e9d\" data-element_type=\"section\" data-settings=\"{&quot;background_background&quot;:&quot;classic&quot;}\">\n\t\t\t\t\t\t\t<div class=\"elementor-background-overlay\"><\/div>\n\t\t\t\t\t\t\t<div class=\"elementor-container elementor-column-gap-default\">\n\t\t\t\t\t<div class=\"elementor-column elementor-col-100 elementor-top-column elementor-element elementor-element-57f7503\" data-id=\"57f7503\" data-element_type=\"column\">\n\t\t\t<div class=\"elementor-widget-wrap elementor-element-populated\">\n\t\t\t\t\t\t<div class=\"elementor-element elementor-element-b72171b elementor-widget elementor-widget-heading\" data-id=\"b72171b\" data-element_type=\"widget\" data-widget_type=\"heading.default\">\n\t\t\t\t<div class=\"elementor-widget-container\">\n\t\t\t\t\t<h2 class=\"elementor-heading-title elementor-size-default\">Actus<\/h2>\t\t\t\t<\/div>\n\t\t\t\t<\/div>\n\t\t\t\t\t<\/div>\n\t\t<\/div>\n\t\t\t\t\t<\/div>\n\t\t<\/section>\n\t\t\t\t<section class=\"elementor-section elementor-top-section elementor-element elementor-element-a364c77 elementor-section-boxed elementor-section-height-default elementor-section-height-default\" data-id=\"a364c77\" data-element_type=\"section\">\n\t\t\t\t\t\t<div class=\"elementor-container elementor-column-gap-default\">\n\t\t\t\t\t<div class=\"elementor-column elementor-col-100 elementor-top-column elementor-element elementor-element-a2e43c6\" data-id=\"a2e43c6\" data-element_type=\"column\">\n\t\t\t<div class=\"elementor-widget-wrap elementor-element-populated\">\n\t\t\t\t\t\t<div class=\"elementor-element elementor-element-7a40c99 elementor-grid-eael-col-3 elementor-grid-tablet-eael-col-2 elementor-grid-mobile-eael-col-1 elementor-invisible elementor-widget elementor-widget-eael-post-grid\" data-id=\"7a40c99\" data-element_type=\"widget\" data-settings=\"{&quot;eael_post_grid_columns&quot;:&quot;eael-col-3&quot;,&quot;_animation&quot;:&quot;lightSpeedIn&quot;,&quot;eael_post_grid_columns_tablet&quot;:&quot;eael-col-2&quot;,&quot;eael_post_grid_columns_mobile&quot;:&quot;eael-col-1&quot;}\" data-widget_type=\"eael-post-grid.default\">\n\t\t\t\t<div class=\"elementor-widget-container\">\n\t\t\t\t\t<div id=\"eael-post-grid-7a40c99\" class=\"eael-post-grid-container\">\n            <div class=\"eael-post-grid eael-post-appender eael-post-appender-7a40c99 eael-post-grid-style-three\" data-layout-mode=\"grid\"><article class=\"eael-grid-post eael-post-grid-column\" data-id=\"10138\">\n        <div class=\"eael-grid-post-holder\">\n            <div class=\"eael-grid-post-holder-inner\"><div class=\"eael-entry-media\"><div class=\"eael-entry-overlay fade-in\"><i class=\"fas fa-long-arrow-alt-right\" aria-hidden=\"true\"><\/i><a href=\"https:\/\/liage.univ-paris8.fr\/?p=10138\"><\/a><\/div><div class=\"eael-entry-thumbnail eael-image-ratio\">\n                 <img fetchpriority=\"high\" decoding=\"async\" width=\"619\" height=\"616\" src=\"https:\/\/liage.univ-paris8.fr\/wp-content\/uploads\/2026\/03\/Capture-decran-2026-03-20-184614.png\" class=\"attachment-full size-full wp-image-10140\" alt=\"\" srcset=\"https:\/\/liage.univ-paris8.fr\/wp-content\/uploads\/2026\/03\/Capture-decran-2026-03-20-184614.png 619w, https:\/\/liage.univ-paris8.fr\/wp-content\/uploads\/2026\/03\/Capture-decran-2026-03-20-184614-300x300.png 300w, https:\/\/liage.univ-paris8.fr\/wp-content\/uploads\/2026\/03\/Capture-decran-2026-03-20-184614-150x150.png 150w\" sizes=\"(max-width: 619px) 100vw, 619px\" \/>\n             <\/div>\n        <\/div><div class=\"eael-entry-wrapper\"><div class=\"eael-entry-meta\"><\/div><div class=\"eael-entry-content\">\n                        <div class=\"eael-grid-post-excerpt\"><p>S08 : Quelle place l\u2019exp\u00e9rience de vie personnelle (professionnelle, de formation, de savoirs acquis dans...<\/p><a\n                            href=\"https:\/\/liage.univ-paris8.fr\/?p=10138\"\n                            class=\"eael-post-elements-readmore-btn\">En savoir +<\/a><\/div>\n                    <\/div><\/div><\/div>\n        <\/div>\n    <\/article><article class=\"eael-grid-post eael-post-grid-column\" data-id=\"10132\">\n        <div class=\"eael-grid-post-holder\">\n            <div class=\"eael-grid-post-holder-inner\"><div class=\"eael-entry-media\"><div class=\"eael-entry-overlay fade-in\"><i class=\"fas fa-long-arrow-alt-right\" aria-hidden=\"true\"><\/i><a href=\"https:\/\/liage.univ-paris8.fr\/?p=10132\"><\/a><\/div><div class=\"eael-entry-thumbnail eael-image-ratio\">\n                 <img decoding=\"async\" width=\"908\" height=\"511\" src=\"https:\/\/liage.univ-paris8.fr\/wp-content\/uploads\/2026\/03\/Capture-decran-2026-04-12-144309.png\" class=\"attachment-full size-full wp-image-10152\" alt=\"\" srcset=\"https:\/\/liage.univ-paris8.fr\/wp-content\/uploads\/2026\/03\/Capture-decran-2026-04-12-144309.png 908w, https:\/\/liage.univ-paris8.fr\/wp-content\/uploads\/2026\/03\/Capture-decran-2026-04-12-144309-300x169.png 300w, https:\/\/liage.univ-paris8.fr\/wp-content\/uploads\/2026\/03\/Capture-decran-2026-04-12-144309-150x84.png 150w, https:\/\/liage.univ-paris8.fr\/wp-content\/uploads\/2026\/03\/Capture-decran-2026-04-12-144309-768x432.png 768w\" sizes=\"(max-width: 908px) 100vw, 908px\" \/>\n             <\/div>\n        <\/div><div class=\"eael-entry-wrapper\"><div class=\"eael-entry-meta\"><\/div><div class=\"eael-entry-content\">\n                        <div class=\"eael-grid-post-excerpt\"><p>Projection du film \u00ab Fragments d\u2019accueil(s) \u00bb 07 avril, de 15h30 \u00e0 17h30 A l\u2019amphi...<\/p><a\n                            href=\"https:\/\/liage.univ-paris8.fr\/?p=10132\"\n                            class=\"eael-post-elements-readmore-btn\">En savoir +<\/a><\/div>\n                    <\/div><\/div><\/div>\n        <\/div>\n    <\/article><article class=\"eael-grid-post eael-post-grid-column\" data-id=\"10126\">\n        <div class=\"eael-grid-post-holder\">\n            <div class=\"eael-grid-post-holder-inner\"><div class=\"eael-entry-media\"><div class=\"eael-entry-overlay fade-in\"><i class=\"fas fa-long-arrow-alt-right\" aria-hidden=\"true\"><\/i><a href=\"https:\/\/liage.univ-paris8.fr\/?p=10126\"><\/a><\/div><div class=\"eael-entry-thumbnail eael-image-ratio\">\n                 <img decoding=\"async\" width=\"357\" height=\"353\" src=\"https:\/\/liage.univ-paris8.fr\/wp-content\/uploads\/2026\/03\/seminaireDoctoral.jpg\" class=\"attachment-full size-full wp-image-10120\" alt=\"\" srcset=\"https:\/\/liage.univ-paris8.fr\/wp-content\/uploads\/2026\/03\/seminaireDoctoral.jpg 357w, https:\/\/liage.univ-paris8.fr\/wp-content\/uploads\/2026\/03\/seminaireDoctoral-300x297.jpg 300w, https:\/\/liage.univ-paris8.fr\/wp-content\/uploads\/2026\/03\/seminaireDoctoral-150x148.jpg 150w\" sizes=\"(max-width: 357px) 100vw, 357px\" \/>\n             <\/div>\n        <\/div><div class=\"eael-entry-wrapper\"><div class=\"eael-entry-meta\"><\/div><div class=\"eael-entry-content\">\n                        <div class=\"eael-grid-post-excerpt\"><p>\u00c9ducations militantes et rapports au savoir A Campus Condorcet Pr\u00e9sentation \u00c9ducations militantes et rapports au...<\/p><a\n                            href=\"https:\/\/liage.univ-paris8.fr\/?p=10126\"\n                            class=\"eael-post-elements-readmore-btn\">En savoir +<\/a><\/div>\n                    <\/div><\/div><\/div>\n        <\/div>\n    <\/article><article class=\"eael-grid-post eael-post-grid-column\" data-id=\"10119\">\n        <div class=\"eael-grid-post-holder\">\n            <div class=\"eael-grid-post-holder-inner\"><div class=\"eael-entry-media\"><div class=\"eael-entry-overlay fade-in\"><i class=\"fas fa-long-arrow-alt-right\" aria-hidden=\"true\"><\/i><a href=\"https:\/\/liage.univ-paris8.fr\/?p=10119\"><\/a><\/div><div class=\"eael-entry-thumbnail eael-image-ratio\">\n                 <img loading=\"lazy\" decoding=\"async\" width=\"2048\" height=\"1152\" src=\"https:\/\/liage.univ-paris8.fr\/wp-content\/uploads\/2026\/03\/banniere.jpg\" class=\"attachment-full size-full wp-image-10121\" alt=\"\" srcset=\"https:\/\/liage.univ-paris8.fr\/wp-content\/uploads\/2026\/03\/banniere.jpg 2048w, https:\/\/liage.univ-paris8.fr\/wp-content\/uploads\/2026\/03\/banniere-300x169.jpg 300w, https:\/\/liage.univ-paris8.fr\/wp-content\/uploads\/2026\/03\/banniere-1024x576.jpg 1024w, https:\/\/liage.univ-paris8.fr\/wp-content\/uploads\/2026\/03\/banniere-150x84.jpg 150w, https:\/\/liage.univ-paris8.fr\/wp-content\/uploads\/2026\/03\/banniere-768x432.jpg 768w, https:\/\/liage.univ-paris8.fr\/wp-content\/uploads\/2026\/03\/banniere-1536x864.jpg 1536w\" sizes=\"(max-width: 2048px) 100vw, 2048px\" \/>\n             <\/div>\n        <\/div><div class=\"eael-entry-wrapper\"><div class=\"eael-entry-meta\"><\/div><div class=\"eael-entry-content\">\n                        <div class=\"eael-grid-post-excerpt\"><p>Vernissage l&#8217;exposition SAFO 93 le 2 avril 2026 Pr\u00e9sentation :\u00a0 Apr\u00e8s avoir \u00e9t\u00e9 pr\u00e9sent\u00e9e \u00e0...<\/p><a\n                            href=\"https:\/\/liage.univ-paris8.fr\/?p=10119\"\n                            class=\"eael-post-elements-readmore-btn\">En savoir +<\/a><\/div>\n                    <\/div><\/div><\/div>\n        <\/div>\n    <\/article><\/div>\n            <div class=\"clearfix\"><\/div>\n        <\/div>            <div class=\"eael-load-more-button-wrap eael-force-hide\">\n                <button class=\"eael-load-more-button\" id=\"eael-load-more-btn-7a40c99\" data-widget-id=\"7a40c99\" data-widget=\"7a40c99\" data-page-id=\"9756\" data-template=\"{&quot;dir&quot;:&quot;lite&quot;,&quot;file_name&quot;:&quot;default.php&quot;,&quot;name&quot;:&quot;Post-Grid&quot;}\" data-class=\"Essential_Addons_Elementor\\Elements\\Post_Grid\" data-layout=\"grid\" data-page=\"1\" data-args=\"orderby=date&amp;order=desc&amp;ignore_sticky_posts=1&amp;post_status=publish&amp;posts_per_page=4&amp;offset=0&amp;post_type=post&amp;tax_query%5B0%5D%5Btaxonomy%5D=category&amp;tax_query%5B0%5D%5Bfield%5D=term_id&amp;tax_query%5B0%5D%5Bterms%5D%5B0%5D=69&amp;tax_query%5B0%5D%5Bterms%5D%5B1%5D=259&amp;tax_query%5B0%5D%5Bterms%5D%5B2%5D=8&amp;tax_query%5B0%5D%5Bterms%5D%5B3%5D=220&amp;tax_query%5Brelation%5D=AND\" data-max-page=\"13\">\n                    <span class=\"eael-btn-loader button__loader\"><\/span>\n                    <span class=\"eael_load_more_text\">Load More<\/span>\n                <\/button>\n            <\/div>\n            \t\t\t\t<\/div>\n\t\t\t\t<\/div>\n\t\t\t\t\t<\/div>\n\t\t<\/div>\n\t\t\t\t\t<\/div>\n\t\t<\/section>\n\t\t\t\t<\/div>\n\t\t","protected":false},"excerpt":{"rendered":"<p>Actus Cycle de Conversations Par les doctorant\u00b7es autochones du Br\u00e9sil \u00c0 Paris 8 Cycle de Conversations&#8230; En savoir + Journ\u00e9e d\u2019hommage \u00e0 Anna Eriksen-Terzian (1946 \u2013 2025) \u00c0 l&#8217;universit\u00e9 Paris8, Le vendredi 14 novembre&#8230; En savoir + Journ\u00e9e d&#8217;\u00e9tude \u00c9crire les exp\u00e9riences associatives, mettre en r\u00e9cit les territoires \u00c0 l&#8217;universit\u00e9 Paris 8&#8230; En savoir + [&hellip;]<\/p>\n","protected":false},"author":1060,"featured_media":0,"parent":0,"menu_order":0,"comment_status":"closed","ping_status":"closed","template":"","meta":{"_eb_attr":"","_uag_custom_page_level_css":"","site-sidebar-layout":"no-sidebar","site-content-layout":"page-builder","ast-site-content-layout":"full-width-container","site-content-style":"default","site-sidebar-style":"default","ast-global-header-display":"","ast-banner-title-visibility":"","ast-main-header-display":"","ast-hfb-above-header-display":"","ast-hfb-below-header-display":"","ast-hfb-mobile-header-display":"","site-post-title":"disabled","ast-breadcrumbs-content":"","ast-featured-img":"disabled","footer-sml-layout":"","theme-transparent-header-meta":"","adv-header-id-meta":"","stick-header-meta":"","header-above-stick-meta":"","header-main-stick-meta":"","header-below-stick-meta":"","astra-migrate-meta-layouts":"default","ast-page-background-enabled":"default","ast-page-background-meta":{"desktop":{"background-color":"","background-image":"","background-repeat":"repeat","background-position":"center center","background-size":"auto","background-attachment":"scroll","background-type":"","background-media":"","overlay-type":"","overlay-color":"","overlay-opacity":"","overlay-gradient":""},"tablet":{"background-color":"","background-image":"","background-repeat":"repeat","background-position":"center center","background-size":"auto","background-attachment":"scroll","background-type":"","background-media":"","overlay-type":"","overlay-color":"","overlay-opacity":"","overlay-gradient":""},"mobile":{"background-color":"","background-image":"","background-repeat":"repeat","background-position":"center center","background-size":"auto","background-attachment":"scroll","background-type":"","background-media":"","overlay-type":"","overlay-color":"","overlay-opacity":"","overlay-gradient":""}},"ast-content-background-meta":{"desktop":{"background-color":"var(--ast-global-color-5)","background-image":"","background-repeat":"repeat","background-position":"center center","background-size":"auto","background-attachment":"scroll","background-type":"","background-media":"","overlay-type":"","overlay-color":"","overlay-opacity":"","overlay-gradient":""},"tablet":{"background-color":"var(--ast-global-color-5)","background-image":"","background-repeat":"repeat","background-position":"center center","background-size":"auto","background-attachment":"scroll","background-type":"","background-media":"","overlay-type":"","overlay-color":"","overlay-opacity":"","overlay-gradient":""},"mobile":{"background-color":"var(--ast-global-color-5)","background-image":"","background-repeat":"repeat","background-position":"center center","background-size":"auto","background-attachment":"scroll","background-type":"","background-media":"","overlay-type":"","overlay-color":"","overlay-opacity":"","overlay-gradient":""}},"footnotes":"","_links_to":"","_links_to_target":""},"categories":[],"tags":[],"class_list":["post-9756","page","type-page","status-publish","hentry"],"uagb_featured_image_src":{"full":false,"thumbnail":false,"medium":false,"medium_large":false,"large":false,"1536x1536":false,"2048x2048":false,"htmega_size_585x295":false,"htmega_size_1170x536":false,"htmega_size_396x360":false},"uagb_author_info":{"display_name":"Nora Belkhiri","author_link":"https:\/\/liage.univ-paris8.fr\/?author=1060"},"uagb_comment_info":0,"uagb_excerpt":"Actus Cycle de Conversations Par les doctorant\u00b7es autochones du Br\u00e9sil \u00c0 Paris 8 Cycle de Conversations&#8230; En savoir + Journ\u00e9e d\u2019hommage \u00e0 Anna Eriksen-Terzian (1946 \u2013 2025) \u00c0 l&#8217;universit\u00e9 Paris8, Le vendredi 14 novembre&#8230; En savoir + Journ\u00e9e d&#8217;\u00e9tude \u00c9crire les exp\u00e9riences associatives, mettre en r\u00e9cit les territoires \u00c0 l&#8217;universit\u00e9 Paris 8&#8230; En savoir +\u2026","_links":{"self":[{"href":"https:\/\/liage.univ-paris8.fr\/index.php?rest_route=\/wp\/v2\/pages\/9756","targetHints":{"allow":["GET"]}}],"collection":[{"href":"https:\/\/liage.univ-paris8.fr\/index.php?rest_route=\/wp\/v2\/pages"}],"about":[{"href":"https:\/\/liage.univ-paris8.fr\/index.php?rest_route=\/wp\/v2\/types\/page"}],"author":[{"embeddable":true,"href":"https:\/\/liage.univ-paris8.fr\/index.php?rest_route=\/wp\/v2\/users\/1060"}],"replies":[{"embeddable":true,"href":"https:\/\/liage.univ-paris8.fr\/index.php?rest_route=%2Fwp%2Fv2%2Fcomments&post=9756"}],"version-history":[{"count":24,"href":"https:\/\/liage.univ-paris8.fr\/index.php?rest_route=\/wp\/v2\/pages\/9756\/revisions"}],"predecessor-version":[{"id":10053,"href":"https:\/\/liage.univ-paris8.fr\/index.php?rest_route=\/wp\/v2\/pages\/9756\/revisions\/10053"}],"wp:attachment":[{"href":"https:\/\/liage.univ-paris8.fr\/index.php?rest_route=%2Fwp%2Fv2%2Fmedia&parent=9756"}],"wp:term":[{"taxonomy":"category","embeddable":true,"href":"https:\/\/liage.univ-paris8.fr\/index.php?rest_route=%2Fwp%2Fv2%2Fcategories&post=9756"},{"taxonomy":"post_tag","embeddable":true,"href":"https:\/\/liage.univ-paris8.fr\/index.php?rest_route=%2Fwp%2Fv2%2Ftags&post=9756"}],"curies":[{"name":"wp","href":"https:\/\/api.w.org\/{rel}","templated":true}]}}